{"id":85,"date":"2020-06-05T10:33:24","date_gmt":"2020-06-05T08:33:24","guid":{"rendered":"http:\/\/oibcamp.se\/?page_id=85"},"modified":"2024-08-01T09:50:49","modified_gmt":"2024-08-01T07:50:49","slug":"anmalan","status":"publish","type":"page","link":"http:\/\/oibcamp.se\/?page_id=85","title":{"rendered":"Anm\u00e4lan"},"content":{"rendered":"\n<p>H\u00e4r anm\u00e4ler du dig till \u00d6rnsk\u00f6ldsvik Innebandy Camp. <br>V\u00e4lj vilken vecka l\u00e4ngst ner i formul\u00e4ret Sommar, samt vilken vecka, H\u00f6st eller Vinter.<\/p>\n\n\n\n<p><\/p>\n\n\n\n<p>Anm\u00e4lningsformul\u00e4r:<\/p>\n\n\n\n\n<div class=\"wpcf7 no-js\" id=\"wpcf7-f173-o1\" lang=\"sv-SE\" dir=\"ltr\" data-wpcf7-id=\"173\">\n<div class=\"screen-reader-response\"><p role=\"status\" aria-live=\"polite\" aria-atomic=\"true\"><\/p> <ul><\/ul><\/div>\n<form action=\"\/index.php?rest_route=%2Fwp%2Fv2%2Fpages%2F85#wpcf7-f173-o1\" method=\"post\" class=\"wpcf7-form init\" aria-label=\"Kontaktformul\u00e4r\" novalidate=\"novalidate\" data-status=\"init\">\n<fieldset class=\"hidden-fields-container\"><input type=\"hidden\" name=\"_wpcf7\" value=\"173\" \/><input type=\"hidden\" name=\"_wpcf7_version\" value=\"6.1.5\" \/><input type=\"hidden\" name=\"_wpcf7_locale\" value=\"sv_SE\" \/><input type=\"hidden\" name=\"_wpcf7_unit_tag\" value=\"wpcf7-f173-o1\" \/><input type=\"hidden\" name=\"_wpcf7_container_post\" value=\"0\" \/><input type=\"hidden\" name=\"_wpcf7_posted_data_hash\" value=\"\" \/><input type=\"hidden\" name=\"_wpcf7_recaptcha_response\" value=\"\" \/>\n<\/fieldset>\n<table class=\"\" style=\"width: 100%;\">\n\t<tbody>\n\t\t<tr>\n\t\t\t<td>\n\t\t\t\t<p><label>F\u00f6rnamn *<br \/>\n<span class=\"wpcf7-form-control-wrap\" data-name=\"forname\"><input size=\"40\" maxlength=\"400\" class=\"wpcf7-form-control wpcf7-text wpcf7-validates-as-required\" aria-required=\"true\" aria-invalid=\"false\" value=\"\" type=\"text\" name=\"forname\" \/><\/span> <\/label>\n\t\t\t\t<\/p>\n\t\t\t<\/td>\n\t\t\t<td>\n\t\t\t\t<p><label> Efternamn *<br \/>\n<span class=\"wpcf7-form-control-wrap\" data-name=\"eftername\"><input size=\"40\" maxlength=\"400\" class=\"wpcf7-form-control wpcf7-text wpcf7-validates-as-required\" aria-required=\"true\" aria-invalid=\"false\" value=\"\" type=\"text\" name=\"eftername\" \/><\/span> <\/label>\n\t\t\t\t<\/p>\n\t\t\t<\/td>\n\t\t<\/tr>\n\t\t<tr>\n\t\t\t<td colspan=\"2\">\n\t\t\t\t<p><label>F\u00f6dd \u00e5r *<span class=\"wpcf7-form-control-wrap\" data-name=\"fodd-ar\"><input size=\"40\" maxlength=\"400\" class=\"wpcf7-form-control wpcf7-text wpcf7-validates-as-required\" aria-required=\"true\" aria-invalid=\"false\" value=\"\" type=\"text\" name=\"fodd-ar\" \/><\/span><\/label>\n\t\t\t\t<\/p>\n\t\t\t<\/td>\n\t\t<\/tr>\n\t\t<tr>\n\t\t\t<td colspan=\"2\">\n\t\t\t\t<p><label>Position<span class=\"wpcf7-form-control-wrap\" data-name=\"fposition\"><input size=\"40\" maxlength=\"400\" class=\"wpcf7-form-control wpcf7-text\" aria-invalid=\"false\" value=\"\" type=\"text\" name=\"fposition\" \/><\/span><\/label>\n\t\t\t\t<\/p>\n\t\t\t<\/td>\n\t\t<\/tr>\n\t\t<tr>\n\t\t\t<td colspan=\"2\">\n\t\t\t\t<p><label>Klubb*<span class=\"wpcf7-form-control-wrap\" data-name=\"klubb\"><input size=\"40\" maxlength=\"400\" class=\"wpcf7-form-control wpcf7-text wpcf7-validates-as-required\" aria-required=\"true\" aria-invalid=\"false\" value=\"\" type=\"text\" name=\"klubb\" \/><\/span><\/label>\n\t\t\t\t<\/p>\n\t\t\t<\/td>\n\t\t<\/tr>\n\t\t<tr>\n\t\t\t<td colspan=\"2\">\n\t\t\t\t<p><label>Adress<span class=\"wpcf7-form-control-wrap\" data-name=\"adress\"><input size=\"40\" maxlength=\"400\" class=\"wpcf7-form-control wpcf7-text\" aria-invalid=\"false\" value=\"\" type=\"text\" name=\"adress\" \/><\/span><\/label>\n\t\t\t\t<\/p>\n\t\t\t<\/td>\n\t\t<\/tr>\n\t\t<tr>\n\t\t\t<td colspan=\"2\">\n\t\t\t\t<p><label>Stad<span class=\"wpcf7-form-control-wrap\" data-name=\"stad\"><input size=\"40\" maxlength=\"400\" class=\"wpcf7-form-control wpcf7-text\" aria-invalid=\"false\" value=\"\" type=\"text\" name=\"stad\" \/><\/span><\/label>\n\t\t\t\t<\/p>\n\t\t\t<\/td>\n\t\t<\/tr>\n\t\t<tr>\n\t\t\t<td colspan=\"2\">\n\t\t\t\t<p><label>Telefon *<span class=\"wpcf7-form-control-wrap\" data-name=\"Tel\"><input size=\"40\" maxlength=\"400\" class=\"wpcf7-form-control wpcf7-text wpcf7-validates-as-required\" aria-required=\"true\" aria-invalid=\"false\" value=\"\" type=\"text\" name=\"Tel\" \/><\/span><\/label>\n\t\t\t\t<\/p>\n\t\t\t<\/td>\n\t\t<\/tr>\n\t\t<tr>\n\t\t\t<td colspan=\"2\">\n\t\t\t\t<p><label>F\u00f6r\u00e4lder *<span class=\"wpcf7-form-control-wrap\" data-name=\"foralder\"><input size=\"40\" maxlength=\"400\" class=\"wpcf7-form-control wpcf7-text wpcf7-validates-as-required\" aria-required=\"true\" aria-invalid=\"false\" value=\"\" type=\"text\" name=\"foralder\" \/><\/span><\/label>\n\t\t\t\t<\/p>\n\t\t\t<\/td>\n\t\t<\/tr>\n\t\t<tr>\n\t\t\t<td colspan=\"2\">\n\t\t\t\t<p><label>Telefon till f\u00f6r\u00e4lder * <span class=\"wpcf7-form-control-wrap\" data-name=\"tel-foralder\"><input size=\"40\" maxlength=\"400\" class=\"wpcf7-form-control wpcf7-text wpcf7-validates-as-required\" aria-required=\"true\" aria-invalid=\"false\" value=\"\" type=\"text\" name=\"tel-foralder\" \/><\/span><\/label>\n\t\t\t\t<\/p>\n\t\t\t<\/td>\n\t\t<\/tr>\n\t\t<tr>\n\t\t\t<td colspan=\"2\">\n\t\t\t\t<p><label> Din e-post * <span class=\"wpcf7-form-control-wrap\" data-name=\"your-email\"><input size=\"40\" maxlength=\"400\" class=\"wpcf7-form-control wpcf7-email wpcf7-validates-as-required wpcf7-text wpcf7-validates-as-email\" aria-required=\"true\" aria-invalid=\"false\" value=\"\" type=\"email\" name=\"your-email\" \/><\/span> <\/label>\n\t\t\t\t<\/p>\n\t\t\t<\/td>\n\t\t<\/tr>\n\t\t<tr>\n\t\t\t<td colspan=\"2\">\n\t\t\t\t<p><strong>Storlek p\u00e5 Tr\u00f6ja *<\/strong><span class=\"wpcf7-form-control-wrap\" data-name=\"Troja\"><select class=\"wpcf7-form-control wpcf7-select wpcf7-validates-as-required\" aria-required=\"true\" aria-invalid=\"false\" name=\"Troja\"><option value=\"XS\">XS<\/option><option value=\"S\">S<\/option><option value=\"M\">M<\/option><option value=\"L\">L<\/option><option value=\"XL\">XL<\/option><option value=\"130-140\">130-140<\/option><option value=\"150-160\">150-160<\/option><\/select><\/span>\n\t\t\t\t<\/p>\n\t\t\t<\/td>\n\t\t<\/tr>\n\t\t<td colspan=\"2\">\n\t\t\t<p><strong>Storlek p\u00e5 Shorts *<\/strong><span class=\"wpcf7-form-control-wrap\" data-name=\"Shorts\"><select class=\"wpcf7-form-control wpcf7-select wpcf7-validates-as-required\" aria-required=\"true\" aria-invalid=\"false\" name=\"Shorts\"><option value=\"XS\">XS<\/option><option value=\"S\">S<\/option><option value=\"M\">M<\/option><option value=\"L\">L<\/option><option value=\"XL\">XL<\/option><option value=\"130-140\">130-140<\/option><option value=\"150-160\">150-160<\/option><\/select><\/span>\n\t\t\t<\/p>\n\t\t<\/td>\n\t\t<td colspan=\"2\">\n\t\t\t<p><strong>Storlek p\u00e5 Strumpa *<\/strong><span class=\"wpcf7-form-control-wrap\" data-name=\"Strumpor\"><select class=\"wpcf7-form-control wpcf7-select wpcf7-validates-as-required\" aria-required=\"true\" aria-invalid=\"false\" name=\"Strumpor\"><option value=\"31-33\">31-33<\/option><option value=\"34-36\">34-36<\/option><option value=\"37-39\">37-39<\/option><option value=\"40-42\">40-42<\/option><option value=\"43-45\">43-45<\/option><\/select><\/span>\n\t\t\t<\/p>\n\t\t<\/td>\n\t\t<tr>\n\t\t\t<td colspan=\"2\">\n\t\t\t\t<p><label>Allergi<span class=\"wpcf7-form-control-wrap\" data-name=\"allergi\"><input size=\"40\" maxlength=\"400\" class=\"wpcf7-form-control wpcf7-text wpcf7-validates-as-required\" aria-required=\"true\" aria-invalid=\"false\" value=\"\" type=\"text\" name=\"allergi\" \/><\/span><\/label>\n\t\t\t\t<\/p>\n\t\t\t<\/td>\n\t\t<\/tr>\n\t\t<tr>\n\t\t\t<td colspan=\"2\">\n\t\t\t\t<p><strong>V\u00e4lj vecka *<\/strong><span class=\"wpcf7-form-control-wrap\" data-name=\"vecka\"><select class=\"wpcf7-form-control wpcf7-select wpcf7-validates-as-required\" aria-required=\"true\" aria-invalid=\"false\" name=\"vecka\"><option value=\"H\u00f6st v44 Svart Niv\u00e5\">H\u00f6st v44 Svart Niv\u00e5<\/option><option value=\"H\u00f6st v44 R\u00f6d Niv\u00e5\">H\u00f6st v44 R\u00f6d Niv\u00e5<\/option><option value=\"H\u00f6st v.44 Bl\u00e5 Niv\u00e5\">H\u00f6st v.44 Bl\u00e5 Niv\u00e5<\/option><option value=\"Vinter v10\">Vinter v10<\/option><option value=\"Sommar 17-19 aug\">Sommar 17-19 aug<\/option><option value=\"Sommar 11-14 aug\">Sommar 11-14 aug<\/option><option value=\"Pre Summer Camp 15-18 juni\">Pre Summer Camp 15-18 juni<\/option><\/select><\/span>\n\t\t\t\t<\/p>\n\t\t\t<\/td>\n\t\t<\/tr>\n\t\t<tr>\n\t\t\t<td colspan=\"2\">\n\t\t\t\t<p><span class=\"wpcf7-form-control-wrap\" data-name=\"acceptance-683\"><span class=\"wpcf7-form-control wpcf7-acceptance\"><span class=\"wpcf7-list-item\"><input type=\"checkbox\" name=\"acceptance-683\" value=\"1\" aria-invalid=\"false\" \/><\/span><\/span><\/span> Acceptera<br \/>\nGenom att anv\u00e4nda detta formul\u00e4r accepterar du att vi lagrar och hanterar dina uppgifter, l\u00e4s v\u00e5r <a href=\"http:\/\/oibcamp.se\/?page_id=3\" target=\"_blank\">Integritetspolicy.<\/a>\n\t\t\t\t<\/p>\n\t\t\t<\/td>\n\t\t<\/tr>\n\t<\/tbody>\n<\/table>\n<p><input class=\"wpcf7-form-control wpcf7-submit has-spinner\" type=\"submit\" value=\"Skicka\" \/>\n<\/p><div class=\"wpcf7-response-output\" aria-hidden=\"true\"><\/div>\n<\/form>\n<\/div>\n\n\n\n\n<p>Deltagaravgiften betalas in p\u00e5 Bankgiro 898-5350 m\u00e4rk betalningen med Deltagarens namn. Ni betalar in efter er anm\u00e4lan godk\u00e4nts av oss. Vi garanterar full \u00e5terbetalning vid sjukdom. <\/p>\n","protected":false},"excerpt":{"rendered":"<p>H\u00e4r anm\u00e4ler du dig till \u00d6rnsk\u00f6ldsvik Innebandy Camp. V\u00e4lj vilken vecka l\u00e4ngst ner i formul\u00e4ret Sommar, samt vilken vecka, H\u00f6st eller Vinter. Anm\u00e4lningsformul\u00e4r: Deltagaravgiften betalas in p\u00e5 Bankgiro 898-5350 m\u00e4rk betalningen med Deltagarens namn. Ni betalar in efter er anm\u00e4lan godk\u00e4nts av oss. Vi garanterar full \u00e5terbetalning vid sjukdom.<\/p>\n","protected":false},"author":2,"featured_media":0,"parent":0,"menu_order":0,"comment_status":"closed","ping_status":"closed","template":"","meta":{"footnotes":""},"class_list":["post-85","page","type-page","status-publish","hentry"],"_links":{"self":[{"href":"http:\/\/oibcamp.se\/index.php?rest_route=\/wp\/v2\/pages\/85","targetHints":{"allow":["GET"]}}],"collection":[{"href":"http:\/\/oibcamp.se\/index.php?rest_route=\/wp\/v2\/pages"}],"about":[{"href":"http:\/\/oibcamp.se\/index.php?rest_route=\/wp\/v2\/types\/page"}],"author":[{"embeddable":true,"href":"http:\/\/oibcamp.se\/index.php?rest_route=\/wp\/v2\/users\/2"}],"replies":[{"embeddable":true,"href":"http:\/\/oibcamp.se\/index.php?rest_route=%2Fwp%2Fv2%2Fcomments&post=85"}],"version-history":[{"count":4,"href":"http:\/\/oibcamp.se\/index.php?rest_route=\/wp\/v2\/pages\/85\/revisions"}],"predecessor-version":[{"id":575,"href":"http:\/\/oibcamp.se\/index.php?rest_route=\/wp\/v2\/pages\/85\/revisions\/575"}],"wp:attachment":[{"href":"http:\/\/oibcamp.se\/index.php?rest_route=%2Fwp%2Fv2%2Fmedia&parent=85"}],"curies":[{"name":"wp","href":"https:\/\/api.w.org\/{rel}","templated":true}]}}