{"id":82,"date":"2020-06-05T10:31:16","date_gmt":"2020-06-05T08:31:16","guid":{"rendered":"http:\/\/oibcamp.se\/?page_id=82"},"modified":"2025-11-07T10:19:08","modified_gmt":"2025-11-07T09:19:08","slug":"coach","status":"publish","type":"page","link":"http:\/\/oibcamp.se\/?page_id=82","title":{"rendered":"Skills Camp"},"content":{"rendered":"\n<p>\u00d6rnsk\u00f6ldsvik Innebandy Camp erbjuder dig som spelare tv\u00e5 dagar med personlig inriktning som vill ta din skicklighet och talang till n\u00e4sta niv\u00e5. Uppl\u00e4gget skiljer sig fr\u00e5n det mer traditionella camp-dagarna d\u00e5 vi utg\u00e5r mer att tr\u00e4na p\u00e5 individuella &#8221;skills&#8221; &#8211; f\u00e4rdigheter som kan g\u00f6ra dig till en b\u00e4ttre spelare.<br><br>Vi utg\u00e5r fr\u00e5n att utveckla dina f\u00e4rdigheter som spelare inom<br>&#8211; Bollkontroll<br>&#8211; Skott<br>&#8211; Passningar<\/p>\n\n\n\n<p>F\u00f6r m\u00e5lvakter<br>&#8211; Straffar<br>&#8211; Utkast<br>&#8211; F\u00f6rflyttningar<\/p>\n\n\n\n<p>5-6 mars Killar &amp; Tjejer 2011-2013<\/p>\n\n\n\n<p>Torsdag 09.00-15.00<br>Fredag 09.00-15.00<\/p>\n\n\n\n<p>F\u00f6ljande ing\u00e5r<br>Tr\u00f6ja<br>Shorts<br>Strumpor<br>Vattenflaska<br>Lunch och mellanm\u00e5l <\/p>\n\n\n\n<p>Sista anm\u00e4lningsdag \u00e4r 15 februari f\u00f6r att garantera kl\u00e4der.<br>Anm\u00e4lan kan tas emot senare om plats finns.<\/p>\n\n\n\n<p>Pris 1595 kr<\/p>\n\n\n\n<p>Max 30  platser.<\/p>\n\n\n\n<p><\/p>\n","protected":false},"excerpt":{"rendered":"<p>\u00d6rnsk\u00f6ldsvik Innebandy Camp erbjuder dig som spelare tv\u00e5 dagar med personlig inriktning som vill ta din skicklighet och talang till n\u00e4sta niv\u00e5. Uppl\u00e4gget skiljer sig fr\u00e5n det mer traditionella camp-dagarna d\u00e5 vi utg\u00e5r mer att tr\u00e4na p\u00e5 individuella &#8221;skills&#8221; &#8211; f\u00e4rdigheter som kan g\u00f6ra dig till en b\u00e4ttre spelare. Vi utg\u00e5r fr\u00e5n att utveckla dina &hellip; <\/p>\n<p class=\"link-more\"><a href=\"http:\/\/oibcamp.se\/?page_id=82\" class=\"more-link\">Forts\u00e4tt l\u00e4sa<span class=\"screen-reader-text\"> \u201dSkills Camp\u201d<\/span><\/a><\/p>\n","protected":false},"author":2,"featured_media":0,"parent":0,"menu_order":0,"comment_status":"closed","ping_status":"closed","template":"","meta":{"footnotes":""},"class_list":["post-82","page","type-page","status-publish","hentry"],"_links":{"self":[{"href":"http:\/\/oibcamp.se\/index.php?rest_route=\/wp\/v2\/pages\/82","targetHints":{"allow":["GET"]}}],"collection":[{"href":"http:\/\/oibcamp.se\/index.php?rest_route=\/wp\/v2\/pages"}],"about":[{"href":"http:\/\/oibcamp.se\/index.php?rest_route=\/wp\/v2\/types\/page"}],"author":[{"embeddable":true,"href":"http:\/\/oibcamp.se\/index.php?rest_route=\/wp\/v2\/users\/2"}],"replies":[{"embeddable":true,"href":"http:\/\/oibcamp.se\/index.php?rest_route=%2Fwp%2Fv2%2Fcomments&post=82"}],"version-history":[{"count":5,"href":"http:\/\/oibcamp.se\/index.php?rest_route=\/wp\/v2\/pages\/82\/revisions"}],"predecessor-version":[{"id":790,"href":"http:\/\/oibcamp.se\/index.php?rest_route=\/wp\/v2\/pages\/82\/revisions\/790"}],"wp:attachment":[{"href":"http:\/\/oibcamp.se\/index.php?rest_route=%2Fwp%2Fv2%2Fmedia&parent=82"}],"curies":[{"name":"wp","href":"https:\/\/api.w.org\/{rel}","templated":true}]}}