{"id":49,"date":"2020-03-20T11:31:45","date_gmt":"2020-03-20T10:31:45","guid":{"rendered":"http:\/\/oibcamp.se\/?page_id=49"},"modified":"2026-03-04T10:05:33","modified_gmt":"2026-03-04T09:05:33","slug":"sommar","status":"publish","type":"page","link":"http:\/\/oibcamp.se\/?page_id=49","title":{"rendered":"Sommar"},"content":{"rendered":"<h1><strong>V\u00e4lkommen till \u00d6rnsk\u00f6ldsvik Innebandy Camp 2026<\/strong><\/h1>\n<h4><strong>Sommar<\/strong><\/h4>\n<p><strong>11-14 augusti<\/strong><br \/>\nPojkar \u2013 Flickor f\u00f6dda 2011-2014<br \/>\nTr\u00e4ning sker mellan ca 08.00-16.00 m\u00e5ndag-torsdag<br \/>\nLunch och mellanm\u00e5l ing\u00e5r<br \/>\nTr\u00e4ningstr\u00f6ja<br \/>\nShorts<br \/>\nStrumpor<br \/>\nVattenflaska<br \/>\nMax antal platser \u00e4r ca 80<br \/>\nTr\u00e4ningar ledda av utbildade instrukt\u00f6rer med mycket erfarenhet<br \/>\nSkills Day med specialinriktning f\u00f6r bland annat m\u00e5lvakter<br \/>\nDeltagaravgift 2 995 kr<\/p>\n<p>Sista anm\u00e4lningsdag \u00e4r 10 juli<\/p>\n<p><strong style=\"font-size: 1rem;\">17-19 augusti<br \/>\n<\/strong>Pojkar 2015-2018 17-18 augusti<br \/>\nFlickor 2015-2018 18-19 augusti<br \/>\nTr\u00e4ning och matchspel under de tv\u00e5 dagarna<br \/>\n09.00-15.00<br \/>\nLunch och mellanm\u00e5l ing\u00e5r<br \/>\nTr\u00f6ja<br \/>\nShorts<br \/>\nStrumpor<br \/>\nVattenflaska<br \/>\nMax antal platser ca 40 pojkar,\u00a0 ca 40 tjejer<br \/>\nM\u00e5lvaktstr\u00e4ning ing\u00e5r under veckan<br \/>\nDeltagaravgift 1 195 kr<\/p>\n<p>Sista anm\u00e4lningsdag \u00e4r 10 juli<\/p>\n<p><strong>Tr\u00e4ningsarena<\/strong><br \/>\n\u2013 All innebandytr\u00e4ning bedrivs i och omkring Skyttis Arena och \u00e4ven p\u00e5 v\u00e5ra utomhusplaner<\/p>\n<p><strong>Vad ing\u00e5r i l\u00e4gerveckan?<br \/>\n<\/strong>&#8211;\u00a0 Massor med innebandy<br \/>\n\u2013 Lunch och mellanm\u00e5l<br \/>\n\u2013 Tr\u00e4ningstr\u00f6ja, Shorts, Strumpor<br \/>\n&#8211; Vattenflaska<br \/>\n\u2013 Gruppledare som \u00e4r knuten till den grupp du deltager i som ocks\u00e5 ser till att du f\u00e5r en trivsam upplevelse under dagarna.<br \/>\n\u2013 Instrukt\u00f6rer som g\u00f6r dig till en b\u00e4ttre innebandyspelare i alla moment s\u00e5som teknik, taktik och inte minst att vara en god kamrat.<\/p>\n","protected":false},"excerpt":{"rendered":"<p>V\u00e4lkommen till \u00d6rnsk\u00f6ldsvik Innebandy Camp 2026 Sommar 11-14 augusti Pojkar \u2013 Flickor f\u00f6dda 2011-2014 Tr\u00e4ning sker mellan ca 08.00-16.00 m\u00e5ndag-torsdag Lunch och mellanm\u00e5l ing\u00e5r Tr\u00e4ningstr\u00f6ja Shorts Strumpor Vattenflaska Max antal platser \u00e4r ca 80 Tr\u00e4ningar ledda av utbildade instrukt\u00f6rer med mycket erfarenhet Skills Day med specialinriktning f\u00f6r bland annat m\u00e5lvakter Deltagaravgift 2 995 kr Sista &hellip; <\/p>\n<p class=\"link-more\"><a href=\"http:\/\/oibcamp.se\/?page_id=49\" class=\"more-link\">Forts\u00e4tt l\u00e4sa<span class=\"screen-reader-text\"> \u201dSommar\u201d<\/span><\/a><\/p>\n","protected":false},"author":2,"featured_media":0,"parent":0,"menu_order":0,"comment_status":"closed","ping_status":"closed","template":"","meta":{"footnotes":""},"class_list":["post-49","page","type-page","status-publish","hentry"],"_links":{"self":[{"href":"http:\/\/oibcamp.se\/index.php?rest_route=\/wp\/v2\/pages\/49","targetHints":{"allow":["GET"]}}],"collection":[{"href":"http:\/\/oibcamp.se\/index.php?rest_route=\/wp\/v2\/pages"}],"about":[{"href":"http:\/\/oibcamp.se\/index.php?rest_route=\/wp\/v2\/types\/page"}],"author":[{"embeddable":true,"href":"http:\/\/oibcamp.se\/index.php?rest_route=\/wp\/v2\/users\/2"}],"replies":[{"embeddable":true,"href":"http:\/\/oibcamp.se\/index.php?rest_route=%2Fwp%2Fv2%2Fcomments&post=49"}],"version-history":[{"count":5,"href":"http:\/\/oibcamp.se\/index.php?rest_route=\/wp\/v2\/pages\/49\/revisions"}],"predecessor-version":[{"id":828,"href":"http:\/\/oibcamp.se\/index.php?rest_route=\/wp\/v2\/pages\/49\/revisions\/828"}],"wp:attachment":[{"href":"http:\/\/oibcamp.se\/index.php?rest_route=%2Fwp%2Fv2%2Fmedia&parent=49"}],"curies":[{"name":"wp","href":"https:\/\/api.w.org\/{rel}","templated":true}]}}