{"id":2,"date":"2020-03-11T13:59:01","date_gmt":"2020-03-11T12:59:01","guid":{"rendered":"http:\/\/oibcamp.se\/?page_id=2"},"modified":"2024-11-05T13:11:14","modified_gmt":"2024-11-05T12:11:14","slug":"exempelsida","status":"publish","type":"page","link":"http:\/\/oibcamp.se\/?page_id=2","title":{"rendered":"Vital Floorball Skills"},"content":{"rendered":"<p>Vital Floorball Skills \u00e4r den modell som vi jobbar efter och \u00e4r niv\u00e5- och \u00e5ldersanpassad f\u00f6r att kunna erbjuda och n\u00e5 b\u00e4sta m\u00f6jliga inl\u00e4rningsniv\u00e5 under \u00d6rnsk\u00f6ldsvik Innebandy Camp.<\/p>\n<p>Vital Coaching Skills VCS\u00a0 \u00a0 \u00a0 \u00a0 \u00a0 \u00a0Tr\u00e4nare<br \/>\nVCS &#8211; Utbildning f\u00f6r tr\u00e4nare och ledare i de olika inl\u00e4rningsniv\u00e5erna. Genom kunskap om vad vi ska tr\u00e4na f\u00f6r att n\u00e5 b\u00e4sta m\u00f6jliga utveckling f\u00f6r sina spelare.<\/p>\n<p>Vital Playing Skills VPS\u00a0 \u00a0 \u00a0 \u00a0 \u00a0 \u00a0 \u00a0f. 09-10<br \/>\nVPS &#8211; Utveckling av dina f\u00e4rdigheter I olika spelmoment som \u00e4r s\u00e5 matchlika som m\u00f6jligt och bygger p\u00e5 vilka valm\u00f6jligheter jag har som spelare under match. Syfte \u00e4r att hitta r\u00f6relsem\u00f6nster och spelf\u00f6rst\u00e5else tillsammans med mina lagkompisar<\/p>\n<p>Vital Technical Skills VTS\u00a0 \u00a0 \u00a0 \u00a0 \u00a0f. 11-13<br \/>\nVTS \u2013 Utveckling av dina f\u00e4rdigheter i olika tekniska moment d\u00e4r vi jobbar med klubbteknik, r\u00f6relsef\u00e4rdigheter och skotteknik<\/p>\n<p>Vital Learning Skills VLS\u00a0 \u00a0 \u00a0 \u00a0 \u00a0 \u00a0 f .14-116<br \/>\nVLS \u2013 Utveckling genom att spela i oilka former d\u00e4r varje individ ska ha mycket boll i olika moment.<\/p>\n","protected":false},"excerpt":{"rendered":"<p>Vital Floorball Skills \u00e4r den modell som vi jobbar efter och \u00e4r niv\u00e5- och \u00e5ldersanpassad f\u00f6r att kunna erbjuda och n\u00e5 b\u00e4sta m\u00f6jliga inl\u00e4rningsniv\u00e5 under \u00d6rnsk\u00f6ldsvik Innebandy Camp. Vital Coaching Skills VCS\u00a0 \u00a0 \u00a0 \u00a0 \u00a0 \u00a0Tr\u00e4nare VCS &#8211; Utbildning f\u00f6r tr\u00e4nare och ledare i de olika inl\u00e4rningsniv\u00e5erna. Genom kunskap om vad vi ska tr\u00e4na &hellip; <\/p>\n<p class=\"link-more\"><a href=\"http:\/\/oibcamp.se\/?page_id=2\" class=\"more-link\">Forts\u00e4tt l\u00e4sa<span class=\"screen-reader-text\"> \u201dVital Floorball Skills\u201d<\/span><\/a><\/p>\n","protected":false},"author":1,"featured_media":0,"parent":0,"menu_order":0,"comment_status":"closed","ping_status":"open","template":"","meta":{"footnotes":""},"class_list":["post-2","page","type-page","status-publish","hentry"],"_links":{"self":[{"href":"http:\/\/oibcamp.se\/index.php?rest_route=\/wp\/v2\/pages\/2","targetHints":{"allow":["GET"]}}],"collection":[{"href":"http:\/\/oibcamp.se\/index.php?rest_route=\/wp\/v2\/pages"}],"about":[{"href":"http:\/\/oibcamp.se\/index.php?rest_route=\/wp\/v2\/types\/page"}],"author":[{"embeddable":true,"href":"http:\/\/oibcamp.se\/index.php?rest_route=\/wp\/v2\/users\/1"}],"replies":[{"embeddable":true,"href":"http:\/\/oibcamp.se\/index.php?rest_route=%2Fwp%2Fv2%2Fcomments&post=2"}],"version-history":[{"count":5,"href":"http:\/\/oibcamp.se\/index.php?rest_route=\/wp\/v2\/pages\/2\/revisions"}],"predecessor-version":[{"id":655,"href":"http:\/\/oibcamp.se\/index.php?rest_route=\/wp\/v2\/pages\/2\/revisions\/655"}],"wp:attachment":[{"href":"http:\/\/oibcamp.se\/index.php?rest_route=%2Fwp%2Fv2%2Fmedia&parent=2"}],"curies":[{"name":"wp","href":"https:\/\/api.w.org\/{rel}","templated":true}]}}